{"id":68697,"date":"2019-10-02T12:27:45","date_gmt":"2019-10-02T12:27:45","guid":{"rendered":"https:\/\/eidfaxi.is\/vara\/askrift-ad-eidfaxa\/"},"modified":"2020-08-06T12:22:38","modified_gmt":"2020-08-06T12:22:38","slug":"eidfaxi-subscription","status":"publish","type":"product","link":"https:\/\/eidfaxi.is\/en\/product\/eidfaxi-subscription\/","title":{"rendered":"Ei\u00f0faxi Subscription"},"content":{"rendered":"","protected":false},"excerpt":{"rendered":"<p>Ei\u00f0faxi leggur sig fram um \u00fea\u00f0 a\u00f0 fylgjast me\u00f0 \u00fev\u00ed sem fram fer \u00ed hinum lifandi og fj\u00f6lbreytilega heimi hestamennskunnar. Me\u00f0 \u00fev\u00ed a\u00f0 gerast \u00e1skrifandi a\u00f0 Ei\u00f0faxa tryggir \u00fe\u00fa \u00fe\u00e9r fj\u00f6gur \u00e1rst\u00ed\u00f0arbundin t\u00edmarit Ei\u00f0faxa, heim a\u00f0 dyrum. Ei\u00f0faxi Vetur, Ei\u00f0faxi Vor, Ei\u00f0faxi Sumar og Ei\u00f0faxi Haust. Auk \u00feessarra fj\u00f6gurra t\u00edmarita mun koma \u00fat \u00ed \u00e1rslok gl\u00e6silegt \u00e1rsrit, Ei\u00f0faxi \u00c1rb\u00f3k, \u00fear sem fari\u00f0 ver\u00f0ur yfir \u00e1ri\u00f0 \u00ed hestamennskunni \u00e1 \u00edtarlegan og vanda\u00f0an h\u00e1tt. \u00deessu til vi\u00f0b\u00f3tar munu \u00e1skrifendur Ei\u00f0faxa f\u00e1 senda \u00e1v\u00edsun sem \u00feeir geta n\u00fdtt s\u00e9r til \u00feess a\u00f0 s\u00e6kja s\u00e9r gl\u00e6silega St\u00f3\u00f0hestab\u00f3k Ei\u00f0faxa, \u00feegar h\u00fan kemur \u00fat. En einnig ver\u00f0ur h\u00e6gt a\u00f0 n\u00fdta \u00feessa \u00e1v\u00edsun sem afsl\u00e1tt af mi\u00f0aver\u00f0i fyrir a\u00f0ra af \u00feeim St\u00f3\u00f0hestaveislum sem haldnar ver\u00f0a \u00ed nafni Ei\u00f0faxa. Ei\u00f0faxi er jafnframt eina t\u00edmariti\u00f0 \u00e1 \u00edslensku sem s\u00e9rh\u00e6fir sig \u00ed umfj\u00f6llun um \u00edslenska hestinn!<\/p>\n","protected":false},"featured_media":68531,"template":"","meta":{"_acf_changed":false,"episode_type":"","audio_file":"","podmotor_file_id":"","podmotor_episode_id":"","cover_image":"","cover_image_id":"","duration":"","filesize":"","filesize_raw":"","date_recorded":"","explicit":"","block":"","wds_primary_product_brand":0,"wds_primary_product_cat":0},"product_brand":[],"product_cat":[65],"product_tag":[],"class_list":{"0":"post-68697","1":"product","2":"type-product","3":"status-publish","4":"has-post-thumbnail","6":"product_cat-askriftir-en","7":"product_shipping_class-free-shipping-class-en","9":"first","10":"outofstock","11":"sold-individually","12":"taxable","13":"shipping-taxable","14":"purchasable","15":"product-type-subscription"},"acf":[],"_links":{"self":[{"href":"https:\/\/eidfaxi.is\/en\/wp-json\/wp\/v2\/product\/68697","targetHints":{"allow":["GET"]}}],"collection":[{"href":"https:\/\/eidfaxi.is\/en\/wp-json\/wp\/v2\/product"}],"about":[{"href":"https:\/\/eidfaxi.is\/en\/wp-json\/wp\/v2\/types\/product"}],"wp:featuredmedia":[{"embeddable":true,"href":"https:\/\/eidfaxi.is\/en\/wp-json\/wp\/v2\/media\/68531"}],"wp:attachment":[{"href":"https:\/\/eidfaxi.is\/en\/wp-json\/wp\/v2\/media?parent=68697"}],"wp:term":[{"taxonomy":"product_brand","embeddable":true,"href":"https:\/\/eidfaxi.is\/en\/wp-json\/wp\/v2\/product_brand?post=68697"},{"taxonomy":"product_cat","embeddable":true,"href":"https:\/\/eidfaxi.is\/en\/wp-json\/wp\/v2\/product_cat?post=68697"},{"taxonomy":"product_tag","embeddable":true,"href":"https:\/\/eidfaxi.is\/en\/wp-json\/wp\/v2\/product_tag?post=68697"}],"curies":[{"name":"wp","href":"https:\/\/api.w.org\/{rel}","templated":true}]}}